{"id":1248,"date":"2017-11-07T12:30:08","date_gmt":"2017-11-07T12:30:08","guid":{"rendered":"http:\/\/www.aquasant-mt.com\/service-reparaturen\/"},"modified":"2024-01-23T10:03:58","modified_gmt":"2024-01-23T09:03:58","slug":"service","status":"publish","type":"page","link":"https:\/\/www.aquasant.com\/en\/service\/","title":{"rendered":"Service, repairs"},"content":{"rendered":"<p><img src=\"https:\/\/www.aquasant.com\/wp-content\/uploads\/2017\/11\/Service-Wartung-1.jpg\" alt=\"\"><\/p>\n<h5>Contact<\/h5>\n<p style=\"text-align: left;\"><span style=\"color: #000000;\"><br \/>\nHave you encountered problems, are you looking for solutions? Contact us via the following means<br \/>\n<\/span><\/p>\n<ul>\n<li>Live Chat<\/li>\n<\/ul>\n<p>&nbsp;<\/p>\n<ul>\n<li>Skype<\/li>\n<\/ul>\n<p>&nbsp;<\/p>\n<ul>\n<li>Email<\/li>\n<\/ul>\n<p>&nbsp;<\/p>\n<ul>\n<li>Phone<\/li>\n<\/ul>\n<p>&nbsp;<\/p>\n<p>icon<\/p>\n<p>icon-users<\/p>\n<p>service<\/p>\n<h5>On-site support<\/h5>\n<p style=\"text-align: left;\"><span style=\"color: #000000;\">One of our service technicians will be happy to assist you on site with:<br \/>\n<\/span><\/p>\n<ul>\n<li>Installations<\/li>\n<\/ul>\n<p>&nbsp;<\/p>\n<ul>\n<li>Service<\/li>\n<\/ul>\n<p>&nbsp;<\/p>\n<ul>\n<li>Commissioning<\/li>\n<\/ul>\n<p>&nbsp;<\/p>\n<ul>\n<li>System maintenance<\/li>\n<\/ul>\n<p>&nbsp;<\/p>\n<p>icon<\/p>\n<p>icon-briefcase<\/p>\n<p>service<\/p>\n<p>default<\/p>\n<h5>Repair and replacement equipment<\/h5>\n<p style=\"text-align: left;\"><span style=\"color: #000000;\"><b>Quick help<\/b> in case of emergency: Often a low cost replacement of the electronics is sufficient to ensure that a system is promptly available again. Equipment sent in for repair can be returned to you in the shortest possible time. <\/span><\/p>\n<p>icon<\/p>\n<p>icon-tools<\/p>\n<h5>Wartungsvertrag<\/h5>\n<p style=\"text-align: left;\"><span style=\"color: #000000;\">Die j\u00e4hrliche Wartung von \u00dcberf\u00fcllsicherungen: sichergestellt durch einen Wartungsvertrag und die Kosten im Griff!<\/span><\/p>\n<ul>\n<li>Erst-Inbetriebnahmen<\/li>\n<\/ul>\n<p>&nbsp;<\/p>\n<ul>\n<li>J\u00e4hrliche oder alle 2 Jahre System-Wartung<\/li>\n<\/ul>\n<p>&nbsp;<\/p>\n<p style=\"text-align: left;\"><span style=\"color: #000000;\">Unser Service ist bei Ihnen vorort und pr\u00fcft nach <a href=\"https:\/\/www.citec-suisse.ch\/\">CITEC<\/a> oder Amt f\u00fcr Gew\u00e4sserschutz die Leckagenf\u00fchler.<\/span><\/p>\n<p>icon<\/p>\n<p>icon-clock<\/p>\n<p>service<\/p>\n<h5>Returns<\/h5>\n<p style=\"text-align: left;\"><span style=\"color: #000000;\"><br \/>\nIn case your device needs to be repaired, please proceed as follows:<\/span><\/p>\n<ul>\n<li>Add the <a href=\"https:\/\/www.aquasant.com\/wp-content\/uploads\/2018\/12\/declaration-of-cleanliness.pdf\" target=\"blank\" rel=\"noopener noreferrer\">Dangerous Goods Form<\/a> for the protection of personnel: Download, print and fill it out<\/li>\n<\/ul>\n<p>&nbsp;<\/p>\n<ul>\n<li>Clean the device and pack it securely for transportation<\/li>\n<\/ul>\n<p>&nbsp;<\/p>\n<ul>\n<li>Add a delivery note with a pro forma invoice (solely for shipments from abroad)<\/li>\n<\/ul>\n<p>&nbsp;<\/p>\n<ul>\n<li>Attach the <a href=\"https:\/\/www.aquasant.com\/wp-content\/uploads\/2018\/12\/declaration-of-cleanliness.pdf\" target=\"blank\" rel=\"noopener noreferrer\">Dangerous Goods Form<\/a> for personnel protection on the outside of the parcel<\/li>\n<\/ul>\n<p>Send the device to Aquasant:<br \/>\n<b>Switzerland and Germany:<\/b><br \/>\nAquasant Messtechnik AG<br \/>\nReparatureingang<br \/>\nHauptstrasse 22<br \/>\nCH-4416 Bubendorf<\/p>\n<p>&nbsp;<\/p>\n<p><b>International: <\/b>Send the device to our local Aquasant representative<\/p>\n<p>By following the above procedure you help us to carry out repairs quickly and safely.<\/p>\n<p>&nbsp;<\/p>\n<p><a href=\"https:\/\/www.aquasant.com\/wp-content\/uploads\/2018\/12\/declaration-of-cleanliness.pdf\" target=\"blank\" rel=\"noopener noreferrer\"><b>Dangerous Goods Form <\/b><br \/>\nfor returns of repairs<\/a><\/p>\n<p>icon<\/p>\n<p>icon-suitcase<\/p>\n<p>service<\/p>\n","protected":false},"excerpt":{"rendered":"<p>Contact Have you encountered problems, are you looking for solutions? Contact us via the following means Live Chat &nbsp; Skype &nbsp; Email &nbsp; Phone &nbsp; icon<span class=\"excerpt-hellip\"> [\u2026]<\/span><\/p>\n","protected":false},"author":8,"featured_media":1125,"parent":0,"menu_order":0,"comment_status":"open","ping_status":"closed","template":"","meta":[],"_links":{"self":[{"href":"https:\/\/www.aquasant.com\/en\/wp-json\/wp\/v2\/pages\/1248"}],"collection":[{"href":"https:\/\/www.aquasant.com\/en\/wp-json\/wp\/v2\/pages"}],"about":[{"href":"https:\/\/www.aquasant.com\/en\/wp-json\/wp\/v2\/types\/page"}],"author":[{"embeddable":true,"href":"https:\/\/www.aquasant.com\/en\/wp-json\/wp\/v2\/users\/8"}],"replies":[{"embeddable":true,"href":"https:\/\/www.aquasant.com\/en\/wp-json\/wp\/v2\/comments?post=1248"}],"version-history":[{"count":5,"href":"https:\/\/www.aquasant.com\/en\/wp-json\/wp\/v2\/pages\/1248\/revisions"}],"predecessor-version":[{"id":20674,"href":"https:\/\/www.aquasant.com\/en\/wp-json\/wp\/v2\/pages\/1248\/revisions\/20674"}],"wp:featuredmedia":[{"embeddable":true,"href":"https:\/\/www.aquasant.com\/en\/wp-json\/wp\/v2\/media\/1125"}],"wp:attachment":[{"href":"https:\/\/www.aquasant.com\/en\/wp-json\/wp\/v2\/media?parent=1248"}],"curies":[{"name":"wp","href":"https:\/\/api.w.org\/{rel}","templated":true}]}}